{"id":29,"date":"2022-08-27T15:08:13","date_gmt":"2022-08-27T15:08:13","guid":{"rendered":"https:\/\/visionfreiburg.de\/?page_id=29"},"modified":"2022-08-30T15:09:09","modified_gmt":"2022-08-30T15:09:09","slug":"datenschutzerklaerung","status":"publish","type":"page","link":"https:\/\/glyphenreiter.de\/index.php\/datenschutzerklaerung\/","title":{"rendered":"Datenschutzerkl\u00e4rung"},"content":{"rendered":"<p><strong>Datenschutz<\/strong><\/p>\n<p>Der Schutz Ihrer personenbezogenen Daten ist f\u00fcr uns wichtig. F\u00fcr die Nutzer der Website www.abicker.de gilt die folgende Datenschutzerkl\u00e4rung. Information \u00fcber die Erhebung personenbezogener Daten<\/p>\n<p>(1) Im Folgenden informieren wir \u00fcber die Erhebung personenbezogener Daten bei Nutzung unserer Website. Personenbezogene Daten sind alle Daten, die auf Sie pers\u00f6nlich beziehbar sind, z. B. Name, Adresse, Server-Log- und Zugriffz\u00e4hler-Dateien (Nutzerverhalten) oder Ihre E-Mail-Adresse.<\/p>\n<p>(2) Verantwortlicher gem. Art. 4 Abs. 7 EU-Datenschutz-Grundverordnung (DSGVO) ist der Webseitenbetreiber Arne Bicker, s. Impressum.<\/p>\n<p>(3) Bei Ihrer Kontaktaufnahme mit uns per E-Mail oder \u00fcber eine Newsletter-Anmeldung (soweit vorgesehen) werden die von Ihnen mitgeteilten Daten (Ihre E-Mail-Adresse sowie ggf. Ihr Name) von uns nur gespeichert, um Ihre Mail zu beantworten resp. Ihnen den regelm\u00e4\u00dfigen Newsletter zuzustellen. Die in diesem Zusammenhang anfallenden Daten l\u00f6schen wir, nachdem die Speicherung nicht mehr erforderlich ist, und beachten ansonsten grunds\u00e4tzlich s\u00e4mtliche gesetzlichen Vorgaben.<\/p>\n<p>(4) Falls wir f\u00fcr einzelne Funktionen unseres Angebots auf beauftragte Dienstleister zur\u00fcckgreifen oder Ihre Daten f\u00fcr werbliche Zwecke nutzen m\u00f6chten, werden wir Sie ausdr\u00fccklich informieren und zuvor Ihre Erlaubnis einholen. Eine \u00dcbermittlung Ihrer pers\u00f6nlichen Daten an Dritte k\u00f6nnte also nur erfolgen, wenn Sie dies laut DSGVO ausdr\u00fccklich bewilligen und soweit dies gesetzlich zul\u00e4ssig ist. Cookies Die von unserer Seite nicht vorgesehene Installation von Cookies k\u00f6nnen Sie grunds\u00e4tzlich durch eine entsprechende Einstellung Ihres Browsers unterbinden. Server-Log- und Zugriffz\u00e4hler-Dateien Der Provider der Seiten sowie ein Zugriffz\u00e4hler erheben und speichern ggfs. Informationen, die Ihr Browser automatisch \u00fcbermittelt, in sog. \u201eServer-Log-\u201e oder \u201eStat-Counter-Dateien\u201c. Dies k\u00f6nnen sein: Browsertyp und Browserversion, verwendetes Betriebssystem, Bearbeitung der Anfrage, Zeitdauer und Herkunft der Anfrage. Diese Daten geben wir nicht ohne Ihre Einwilligung an Dritte weiter. Recht auf Auskunft, L\u00f6schung, Sperrung Sie haben jederzeit das Recht auf unentgeltliche Auskunft zu Ihren bei uns gespeicherten, personenbezogenen Daten, deren Herkunft und Empf\u00e4nger und zum Zweck der Datenverarbeitung sowie ein Recht auf Berichtigung, Sperrung oder L\u00f6schung dieser Daten. Diese Daten geben wir nicht ohne Ihre Einwilligung an Dritte weiter.<\/p>\n<p>Hierzu, sowie zu weiteren Fragen zum Thema personenbezogene Daten k\u00f6nnen Sie sich jederzeit unter der im Impressum angegebenen Adresse an uns wenden. Widerruf der Verarbeitung Ihrer Daten Falls Sie eine Einwilligung zur Verarbeitung Ihrer Daten erteilt haben, k\u00f6nnen Sie diese jederzeit widerrufen. Selbstverst\u00e4ndlich k\u00f6nnen Sie der Verarbeitung Ihrer personenbezogenen Daten auch f\u00fcr Zwecke der Werbung und Datenanalyse jederzeit widersprechen.<\/p>\n<p>&nbsp;<\/p>\n<p>&nbsp;<\/p>\n<p>&nbsp;<\/p>\n<p>&nbsp;<\/p>\n","protected":false},"excerpt":{"rendered":"<p>Datenschutz Der Schutz Ihrer personenbezogenen Daten ist f\u00fcr uns wichtig. F\u00fcr die Nutzer der Website www.abicker.de gilt die folgende Datenschutzerkl\u00e4rung. [&hellip;]<\/p>\n","protected":false},"author":1,"featured_media":0,"parent":0,"menu_order":0,"comment_status":"closed","ping_status":"closed","template":"","meta":{"site-sidebar-layout":"default","site-content-layout":"","ast-site-content-layout":"","site-content-style":"default","site-sidebar-style":"default","ast-global-header-display":"","ast-banner-title-visibility":"","ast-main-header-display":"","ast-hfb-above-header-display":"","ast-hfb-below-header-display":"","ast-hfb-mobile-header-display":"","site-post-title":"","ast-breadcrumbs-content":"","ast-featured-img":"","footer-sml-layout":"","theme-transparent-header-meta":"","adv-header-id-meta":"","stick-header-meta":"","header-above-stick-meta":"","header-main-stick-meta":"","header-below-stick-meta":"","astra-migrate-meta-layouts":"default","ast-page-background-enabled":"default","ast-page-background-meta":{"desktop":{"background-color":"var(--ast-global-color-5)","background-image":"","background-repeat":"repeat","background-position":"center center","background-size":"auto","background-attachment":"scroll","background-type":"","background-media":"","overlay-type":"","overlay-color":"","overlay-opacity":"","overlay-gradient":""},"tablet":{"background-color":"","background-image":"","background-repeat":"repeat","background-position":"center center","background-size":"auto","background-attachment":"scroll","background-type":"","background-media":"","overlay-type":"","overlay-color":"","overlay-opacity":"","overlay-gradient":""},"mobile":{"background-color":"","background-image":"","background-repeat":"repeat","background-position":"center center","background-size":"auto","background-attachment":"scroll","background-type":"","background-media":"","overlay-type":"","overlay-color":"","overlay-opacity":"","overlay-gradient":""}},"ast-content-background-meta":{"desktop":{"background-color":"var(--ast-global-color-4)","background-image":"","background-repeat":"repeat","background-position":"center center","background-size":"auto","background-attachment":"scroll","background-type":"","background-media":"","overlay-type":"","overlay-color":"","overlay-opacity":"","overlay-gradient":""},"tablet":{"background-color":"var(--ast-global-color-4)","background-image":"","background-repeat":"repeat","background-position":"center center","background-size":"auto","background-attachment":"scroll","background-type":"","background-media":"","overlay-type":"","overlay-color":"","overlay-opacity":"","overlay-gradient":""},"mobile":{"background-color":"var(--ast-global-color-4)","background-image":"","background-repeat":"repeat","background-position":"center center","background-size":"auto","background-attachment":"scroll","background-type":"","background-media":"","overlay-type":"","overlay-color":"","overlay-opacity":"","overlay-gradient":""}},"footnotes":""},"class_list":["post-29","page","type-page","status-publish","hentry"],"_links":{"self":[{"href":"https:\/\/glyphenreiter.de\/index.php\/wp-json\/wp\/v2\/pages\/29","targetHints":{"allow":["GET"]}}],"collection":[{"href":"https:\/\/glyphenreiter.de\/index.php\/wp-json\/wp\/v2\/pages"}],"about":[{"href":"https:\/\/glyphenreiter.de\/index.php\/wp-json\/wp\/v2\/types\/page"}],"author":[{"embeddable":true,"href":"https:\/\/glyphenreiter.de\/index.php\/wp-json\/wp\/v2\/users\/1"}],"replies":[{"embeddable":true,"href":"https:\/\/glyphenreiter.de\/index.php\/wp-json\/wp\/v2\/comments?post=29"}],"version-history":[{"count":5,"href":"https:\/\/glyphenreiter.de\/index.php\/wp-json\/wp\/v2\/pages\/29\/revisions"}],"predecessor-version":[{"id":99,"href":"https:\/\/glyphenreiter.de\/index.php\/wp-json\/wp\/v2\/pages\/29\/revisions\/99"}],"wp:attachment":[{"href":"https:\/\/glyphenreiter.de\/index.php\/wp-json\/wp\/v2\/media?parent=29"}],"curies":[{"name":"wp","href":"https:\/\/api.w.org\/{rel}","templated":true}]}}