{"id":41,"date":"2022-08-27T15:28:03","date_gmt":"2022-08-27T15:28:03","guid":{"rendered":"https:\/\/visionfreiburg.de\/?page_id=41"},"modified":"2026-02-12T15:52:04","modified_gmt":"2026-02-12T15:52:04","slug":"und-so-gehts","status":"publish","type":"page","link":"https:\/\/glyphenreiter.de\/","title":{"rendered":""},"content":{"rendered":"<h3>Herzlich willkommen bei den Glyphenreitern!<\/h3>\n<p>Die Glyphenreiter sind eine 2020 in Freiburg gegr\u00fcndete Leseb\u00fchne f\u00fcr Lebensfreude: Humorvolle Texte, sch\u00f6ne Musik und Kleinkunst. Die Leseb\u00fchne wurde gegr\u00fcndet von S\u00f6ren Comes und Arne Bicker, seit den Anf\u00e4ngen geh\u00f6rt auch Brita Hempel zum Team, das sich flexibel von Auftritt zu Auftritt neu aufstellt und immer auch gute Musikerinnen \/ Musiker sowie gelegentlich Kleink\u00fcnstler mit an Bord hat &#8211; damit es nicht zu wortlastig wird.<\/p>\n<p>Kultureller Heimathafen der Glyphenreiter sind die Veranstaltungsr\u00e4ume &#8222;Schopf2&#8220; des Kunst- und Kulturvereins <a href=\"https:\/\/kreativpioniere-freiburg.de\" target=\"_blank\" rel=\"noopener\">Kreativpioniere Freiburg e.v.<\/a>. Die Glyphenreiter geben jedoch herzlich gern auch Gastspiele an anderen, auch f\u00fcr Veranstaltungen ungewohnten Orten: Zum Beispiel auf der Hebeb\u00fchne einer Autowerkstatt, in einer Sekthandlung, in einer Kulturscheune.<\/p>\n<p>Die Glyphenreiter treten am liebsten bei freiem Eintritt auf und lassen einen Hut herumgehen. Denn: Humor und Lebensfreude sollen f\u00fcr alle erschwinglich sein.<\/p>\n<h2>N\u00e4chster Gig:<\/h2>\n<ul>\n<li>noch offen<\/li>\n<\/ul>\n<p>&nbsp;<\/p>\n<hr \/>\n<h3>Zur\u00fcckliegende Gigs<\/h3>\n<p>&nbsp;<\/p>\n<p>Dienstag, 27. Januar 2026 um 17 Uhr, Brombergstra\u00dfe 6:<br \/>\n<strong>Lesung &amp; Musik an der BuchBude in der Anlaufstelle f\u00fcr Haftentlassene\u00a0 <\/strong>(Oli &amp; Arne)<\/p>\n<p><a href=\"http:\/\/glyphenreiter.de\/wp-content\/uploads\/2026\/01\/Lesung-Musik-27.02.2026-scaled.jpg\" target=\"_blank\" rel=\"noopener\"><img loading=\"lazy\" decoding=\"async\" class=\"alignnone size-medium wp-image-416\" src=\"http:\/\/glyphenreiter.de\/wp-content\/uploads\/2026\/01\/Lesung-Musik-27.02.2026-204x300.jpg\" alt=\"\" width=\"204\" height=\"300\" srcset=\"https:\/\/glyphenreiter.de\/wp-content\/uploads\/2026\/01\/Lesung-Musik-27.02.2026-204x300.jpg 204w, https:\/\/glyphenreiter.de\/wp-content\/uploads\/2026\/01\/Lesung-Musik-27.02.2026-695x1024.jpg 695w, https:\/\/glyphenreiter.de\/wp-content\/uploads\/2026\/01\/Lesung-Musik-27.02.2026-768x1131.jpg 768w, https:\/\/glyphenreiter.de\/wp-content\/uploads\/2026\/01\/Lesung-Musik-27.02.2026-1043x1536.jpg 1043w, https:\/\/glyphenreiter.de\/wp-content\/uploads\/2026\/01\/Lesung-Musik-27.02.2026-1391x2048.jpg 1391w, https:\/\/glyphenreiter.de\/wp-content\/uploads\/2026\/01\/Lesung-Musik-27.02.2026-scaled.jpg 1738w\" sizes=\"auto, (max-width: 204px) 100vw, 204px\" \/><\/a><\/p>\n<p>&nbsp;<\/p>\n<hr \/>\n<p>Freitag, 18. Juli 2025, 19.00 Uhr, Grundschulhof Freiburg-G\u00fcnterstal:<br \/>\n<strong>3. Poetry Open Air <\/strong>(Arne)<\/p>\n<hr \/>\n<p>Sonntag, 18. Mai 2025, 19.30 Uhr, Fabrik, Freiburg:<br \/>\n<strong>Die Glyphenreiter lesen, musizieren und zeichnen beim &#8222;Schopf2-Poetry-Jam&#8220; beim <a href=\"https:\/\/www.fabrik-freiburg.de\/festival\" target=\"_blank\" rel=\"noopener\">&#8222;Das gute Leben Festival f\u00fcr alle&#8220; vom 12. &#8211; 18. Mai.<\/a><\/strong>Sonntag, 18. Mai 2025, 19.30 Uhr, Fabrik, Freiburg<\/p>\n<hr \/>\n<p>Freitag, 16. Mai 2025, 20.00 Uhr, Popup-Store &#8222;Dazwischen&#8220;, Talstr. 44, Freiburg:<br \/>\n<strong><a href=\"https:\/\/dazwischen-freiburg.de\/products\/poetry-slam-zwischen-den-zeilen-16-05-2025\" target=\"_blank\" rel=\"noopener\">Poetry Slam &#8222;Zwischen den Zeilen&#8220;<\/a><\/strong>(Arne)<\/p>\n<hr \/>\n<p>Mittwoch, 26. M\u00e4rz 2025, 19.30 Uhr, Quartiersarbeit St. Georgen im Stubenareal, Freiburg:<br \/>\n<a href=\"https:\/\/www.frstg.de\" target=\"_blank\" rel=\"noopener\"><strong>Die Glyphenreiter lesen und musizieren in Freiburg-St. Georgen.<\/strong><\/a><\/p>\n<hr \/>\n<p>Sonntag, 9. M\u00e4rz 2025, 16 Uhr, Schopf2, Schopfheimerstr. 2 in Freiburg:<br \/>\n<a href=\"https:\/\/kreativpioniere-freiburg.de\" target=\"_blank\" rel=\"noopener\"><strong>Poetry-Jam der Schopf2-FLINTA*-Woche<\/strong><\/a> (Brita)<\/p>\n<hr \/>\n<div>Samstag, 1. M\u00e4rz 2025, 17 Uhr, Artraum, Hildastr. 17, Freiburg, Eintritt frei<\/div>\n<div><strong><a href=\"https:\/\/artraum-freiburg.de\" target=\"_blank\" rel=\"noopener\">Artraum-Jam bei Mona Bachstein<\/a><\/strong> (Arne)<\/div>\n<div>\n<div>\n<hr \/>\n<div><span style=\"font-size: 16px;\">Montag, 17. Februar 2025. 17:30 Uhr, Quartiersarbeit Z\u00e4hringen, Z\u00e4hringer Str. 346Freiburg, Eintritt frei<\/span><\/div>\n<\/div>\n<\/div>\n<p><a href=\"https:\/\/www.freiburger-buergerstiftung.de\/2025\/02\/11\/eroeffnung-der-buch-bude-im-zaehringer-treff\/\" target=\"_blank\" rel=\"noopener\"><strong>Er\u00f6ffnung der Buchbude am Platz der Z\u00e4hringer \/ B\u00fcrgerstiftung Frbg. <\/strong><\/a>(Oli &amp; Arne)<\/p>\n<p><a href=\"http:\/\/glyphenreiter.de\/wp-content\/uploads\/2025\/02\/Plakat-Buchbude-17.02.25-Kopie-scaled-1.jpg\" target=\"_blank\" rel=\"noopener\"><img loading=\"lazy\" decoding=\"async\" class=\"alignnone size-medium wp-image-387\" src=\"http:\/\/glyphenreiter.de\/wp-content\/uploads\/2025\/02\/Plakat-Buchbude-17.02.25-Kopie-scaled-1-212x300.jpg\" alt=\"\" width=\"212\" height=\"300\" srcset=\"https:\/\/glyphenreiter.de\/wp-content\/uploads\/2025\/02\/Plakat-Buchbude-17.02.25-Kopie-scaled-1-212x300.jpg 212w, https:\/\/glyphenreiter.de\/wp-content\/uploads\/2025\/02\/Plakat-Buchbude-17.02.25-Kopie-scaled-1-724x1024.jpg 724w, https:\/\/glyphenreiter.de\/wp-content\/uploads\/2025\/02\/Plakat-Buchbude-17.02.25-Kopie-scaled-1-768x1086.jpg 768w, https:\/\/glyphenreiter.de\/wp-content\/uploads\/2025\/02\/Plakat-Buchbude-17.02.25-Kopie-scaled-1-1086x1536.jpg 1086w, https:\/\/glyphenreiter.de\/wp-content\/uploads\/2025\/02\/Plakat-Buchbude-17.02.25-Kopie-scaled-1-1448x2048.jpg 1448w, https:\/\/glyphenreiter.de\/wp-content\/uploads\/2025\/02\/Plakat-Buchbude-17.02.25-Kopie-scaled-1.jpg 1810w\" sizes=\"auto, (max-width: 212px) 100vw, 212px\" \/><\/a><\/p>\n<hr \/>\n<p>Sonntag, 16. Februar 2025, 11 Uhr, Waldhaus Freiburg, Eintritt 12 \/ 8 \u20ac :<br \/>\n<strong><a href=\"https:\/\/www.waldhaus-freiburg.de\/veranstaltung\/poetry-jam-insekten-matinee-mit-ansgar-hufnagel-friends\/\" target=\"_blank\" rel=\"noopener\">Poetry Jam Matinee zum Thema &#8222;Insekten&#8220;<\/a><\/strong> (Arne)<\/p>\n<p><a href=\"http:\/\/glyphenreiter.de\/wp-content\/uploads\/2025\/02\/IMG-20250211-WA0003.jpg\" target=\"_blank\" rel=\"noopener\"><img loading=\"lazy\" decoding=\"async\" class=\"alignnone size-medium wp-image-384\" src=\"http:\/\/glyphenreiter.de\/wp-content\/uploads\/2025\/02\/IMG-20250211-WA0003-216x300.jpg\" alt=\"\" width=\"216\" height=\"300\" srcset=\"https:\/\/glyphenreiter.de\/wp-content\/uploads\/2025\/02\/IMG-20250211-WA0003-216x300.jpg 216w, https:\/\/glyphenreiter.de\/wp-content\/uploads\/2025\/02\/IMG-20250211-WA0003-737x1024.jpg 737w, https:\/\/glyphenreiter.de\/wp-content\/uploads\/2025\/02\/IMG-20250211-WA0003-768x1067.jpg 768w, https:\/\/glyphenreiter.de\/wp-content\/uploads\/2025\/02\/IMG-20250211-WA0003.jpg 828w\" sizes=\"auto, (max-width: 216px) 100vw, 216px\" \/><\/a><\/p>\n<div>\n<hr \/>\n<div><span style=\"font-size: 16px;\">Freitag, 14. Februar 2025, 19 Uhr, <\/span><a style=\"font-size: 16px; background-color: #ffffff;\" href=\"https:\/\/www.rainhofscheune.de\" target=\"_blank\" rel=\"noopener\">Rainhof Scheune<\/a><span style=\"font-size: 16px;\"> Kirchzarten, Eintritt frei:<\/span><\/div>\n<\/div>\n<p><strong>Die Glyphenreiter lesen und musizieren am Valentinstag zum Thema &#8222;Liebe&#8220;<\/strong><\/p>\n<p><a href=\"http:\/\/glyphenreiter.de\/wp-content\/uploads\/2025\/01\/Die-Glyphenreiter-in-der-Rainhof-Scheune.jpg\" target=\"_blank\" rel=\"noopener\"><img loading=\"lazy\" decoding=\"async\" class=\"alignnone size-medium wp-image-364\" src=\"http:\/\/glyphenreiter.de\/wp-content\/uploads\/2025\/01\/Die-Glyphenreiter-in-der-Rainhof-Scheune-212x300.jpg\" alt=\"\" width=\"212\" height=\"300\" srcset=\"https:\/\/glyphenreiter.de\/wp-content\/uploads\/2025\/01\/Die-Glyphenreiter-in-der-Rainhof-Scheune-212x300.jpg 212w, https:\/\/glyphenreiter.de\/wp-content\/uploads\/2025\/01\/Die-Glyphenreiter-in-der-Rainhof-Scheune-724x1024.jpg 724w, https:\/\/glyphenreiter.de\/wp-content\/uploads\/2025\/01\/Die-Glyphenreiter-in-der-Rainhof-Scheune-768x1086.jpg 768w, https:\/\/glyphenreiter.de\/wp-content\/uploads\/2025\/01\/Die-Glyphenreiter-in-der-Rainhof-Scheune.jpg 802w\" sizes=\"auto, (max-width: 212px) 100vw, 212px\" \/><\/a><\/p>\n<p><em>Sorry, unsere Love-Session in Kirchzarten am Valentinstag ist leider schon vorab ausverkauft. Wir empfehlen unsere kommenden Auftritte s.o.<\/em><\/p>\n<div><\/div>\n","protected":false},"excerpt":{"rendered":"<p>Herzlich willkommen bei den Glyphenreitern! Die Glyphenreiter sind eine 2020 in Freiburg gegr\u00fcndete Leseb\u00fchne f\u00fcr Lebensfreude: Humorvolle Texte, sch\u00f6ne Musik [&hellip;]<\/p>\n","protected":false},"author":1,"featured_media":0,"parent":0,"menu_order":0,"comment_status":"closed","ping_status":"closed","template":"","meta":{"site-sidebar-layout":"default","site-content-layout":"","ast-site-content-layout":"default","site-content-style":"default","site-sidebar-style":"default","ast-global-header-display":"","ast-banner-title-visibility":"","ast-main-header-display":"","ast-hfb-above-header-display":"","ast-hfb-below-header-display":"","ast-hfb-mobile-header-display":"","site-post-title":"","ast-breadcrumbs-content":"","ast-featured-img":"","footer-sml-layout":"","theme-transparent-header-meta":"default","adv-header-id-meta":"","stick-header-meta":"","header-above-stick-meta":"","header-main-stick-meta":"","header-below-stick-meta":"","astra-migrate-meta-layouts":"set","ast-page-background-enabled":"default","ast-page-background-meta":{"desktop":{"background-color":"var(--ast-global-color-5)","background-image":"","background-repeat":"repeat","background-position":"center center","background-size":"auto","background-attachment":"scroll","background-type":"","background-media":"","overlay-type":"","overlay-color":"","overlay-opacity":"","overlay-gradient":""},"tablet":{"background-color":"","background-image":"","background-repeat":"repeat","background-position":"center center","background-size":"auto","background-attachment":"scroll","background-type":"","background-media":"","overlay-type":"","overlay-color":"","overlay-opacity":"","overlay-gradient":""},"mobile":{"background-color":"","background-image":"","background-repeat":"repeat","background-position":"center center","background-size":"auto","background-attachment":"scroll","background-type":"","background-media":"","overlay-type":"","overlay-color":"","overlay-opacity":"","overlay-gradient":""}},"ast-content-background-meta":{"desktop":{"background-color":"var(--ast-global-color-4)","background-image":"","background-repeat":"repeat","background-position":"center center","background-size":"auto","background-attachment":"scroll","background-type":"","background-media":"","overlay-type":"","overlay-color":"","overlay-opacity":"","overlay-gradient":""},"tablet":{"background-color":"var(--ast-global-color-4)","background-image":"","background-repeat":"repeat","background-position":"center center","background-size":"auto","background-attachment":"scroll","background-type":"","background-media":"","overlay-type":"","overlay-color":"","overlay-opacity":"","overlay-gradient":""},"mobile":{"background-color":"var(--ast-global-color-4)","background-image":"","background-repeat":"repeat","background-position":"center center","background-size":"auto","background-attachment":"scroll","background-type":"","background-media":"","overlay-type":"","overlay-color":"","overlay-opacity":"","overlay-gradient":""}},"footnotes":""},"class_list":["post-41","page","type-page","status-publish","hentry"],"_links":{"self":[{"href":"https:\/\/glyphenreiter.de\/index.php\/wp-json\/wp\/v2\/pages\/41","targetHints":{"allow":["GET"]}}],"collection":[{"href":"https:\/\/glyphenreiter.de\/index.php\/wp-json\/wp\/v2\/pages"}],"about":[{"href":"https:\/\/glyphenreiter.de\/index.php\/wp-json\/wp\/v2\/types\/page"}],"author":[{"embeddable":true,"href":"https:\/\/glyphenreiter.de\/index.php\/wp-json\/wp\/v2\/users\/1"}],"replies":[{"embeddable":true,"href":"https:\/\/glyphenreiter.de\/index.php\/wp-json\/wp\/v2\/comments?post=41"}],"version-history":[{"count":81,"href":"https:\/\/glyphenreiter.de\/index.php\/wp-json\/wp\/v2\/pages\/41\/revisions"}],"predecessor-version":[{"id":420,"href":"https:\/\/glyphenreiter.de\/index.php\/wp-json\/wp\/v2\/pages\/41\/revisions\/420"}],"wp:attachment":[{"href":"https:\/\/glyphenreiter.de\/index.php\/wp-json\/wp\/v2\/media?parent=41"}],"curies":[{"name":"wp","href":"https:\/\/api.w.org\/{rel}","templated":true}]}}